{"id":918,"date":"2020-12-07T12:18:40","date_gmt":"2020-12-07T11:18:40","guid":{"rendered":"https:\/\/willkommen.gymnasium-frechen.de\/?page_id=918"},"modified":"2020-12-08T21:05:14","modified_gmt":"2020-12-08T20:05:14","slug":"erdkunde","status":"publish","type":"page","link":"https:\/\/willkommen.gymnasium-frechen.de\/?page_id=918","title":{"rendered":"ERDKUNDE"},"content":{"rendered":"\n<!--more-->\n\n\n\n<figure class=\"wp-block-pullquote\"><blockquote><p>&#8222;Was machen Sie da\u201c, fragte der kleine Prinz.<\/p><p>\u201eIch bin Geograph\u201c, sagte der alte Herr.<\/p><p>\u201eWas ist das, ein Geograph?\u201c<\/p><p>\u201eDas ist ein Gelehrter, der wei\u00df, wo sich die Meere, die<\/p><p>Str\u00f6me, die St\u00e4dte, die Berge und die W\u00fcsten befinden.\u201c<\/p><p>\u201eDas ist sehr interessant\u201c, sagte der kleine Prinz.<\/p><p>\u201eEndlich ein richtiger Beruf!\u201c<\/p><cite><em>Der kleine Prinz, Antoine de Saint-Exup\u00e9ry, 15. Kapitel<\/em><\/cite><\/blockquote><\/figure>\n\n\n\n<p class=\"has-text-align-left\">Liebe kommenden F\u00fcnft-Kl\u00e4ssler,<\/p>\n\n\n\n<p class=\"has-text-align-left\"><br>falls ihr euch schon ein wenig mit Deutschland und seinen Bundesl\u00e4ndern auskennt oder ihr einfach nur euer Vorwissen spielerisch testen wollt, dann seid ihr hier genau richtig:<\/p>\n\n\n\n<p class=\"has-text-align-center\"><a href=\"https:\/\/www.schlaukopf.de\/gymnasium\/klasse5\/geografie\/deutschland.htm\">Geographie-Quiz<\/a> (Wenn du hier klickst, wirst du zum Quiz weitergeleitet)<\/p>\n\n\n\n<p class=\"has-text-align-left\"><br><br>Viel Spa\u00df und viel Erfolg w\u00fcnschen euch eure zuk\u00fcnftigen Geographie-Lehrer*innen!<\/p>\n\n\n\n<figure class=\"is-layout-flex wp-block-gallery-1 wp-block-gallery columns-2 is-cropped\"><ul class=\"blocks-gallery-grid\"><li class=\"blocks-gallery-item\"><figure><img decoding=\"async\" loading=\"lazy\" width=\"1024\" height=\"683\" src=\"https:\/\/willkommen.gymnasium-frechen.de\/wp-content\/uploads\/2020\/12\/atlas-1024x683.png\" alt=\"\" data-id=\"919\" data-full-url=\"https:\/\/willkommen.gymnasium-frechen.de\/wp-content\/uploads\/2020\/12\/atlas.png\" data-link=\"https:\/\/willkommen.gymnasium-frechen.de\/?attachment_id=919\" class=\"wp-image-919\" srcset=\"https:\/\/willkommen.gymnasium-frechen.de\/wp-content\/uploads\/2020\/12\/atlas-1024x683.png 1024w, https:\/\/willkommen.gymnasium-frechen.de\/wp-content\/uploads\/2020\/12\/atlas-300x200.png 300w, https:\/\/willkommen.gymnasium-frechen.de\/wp-content\/uploads\/2020\/12\/atlas-768x512.png 768w, https:\/\/willkommen.gymnasium-frechen.de\/wp-content\/uploads\/2020\/12\/atlas-1536x1024.png 1536w, https:\/\/willkommen.gymnasium-frechen.de\/wp-content\/uploads\/2020\/12\/atlas-2048x1365.png 2048w\" sizes=\"(max-width: 1024px) 100vw, 1024px\" \/><\/figure><\/li><li class=\"blocks-gallery-item\"><figure><img decoding=\"async\" loading=\"lazy\" width=\"683\" height=\"1024\" src=\"https:\/\/willkommen.gymnasium-frechen.de\/wp-content\/uploads\/2020\/12\/karte-683x1024.png\" alt=\"\" data-id=\"920\" data-full-url=\"https:\/\/willkommen.gymnasium-frechen.de\/wp-content\/uploads\/2020\/12\/karte.png\" data-link=\"https:\/\/willkommen.gymnasium-frechen.de\/?attachment_id=920\" class=\"wp-image-920\" srcset=\"https:\/\/willkommen.gymnasium-frechen.de\/wp-content\/uploads\/2020\/12\/karte-683x1024.png 683w, https:\/\/willkommen.gymnasium-frechen.de\/wp-content\/uploads\/2020\/12\/karte-200x300.png 200w, https:\/\/willkommen.gymnasium-frechen.de\/wp-content\/uploads\/2020\/12\/karte-768x1152.png 768w, https:\/\/willkommen.gymnasium-frechen.de\/wp-content\/uploads\/2020\/12\/karte-1024x1536.png 1024w, https:\/\/willkommen.gymnasium-frechen.de\/wp-content\/uploads\/2020\/12\/karte-1365x2048.png 1365w\" sizes=\"(max-width: 683px) 100vw, 683px\" \/><\/figure><\/li><\/ul><\/figure>\n","protected":false},"excerpt":{"rendered":"","protected":false},"author":1,"featured_media":920,"parent":0,"menu_order":2,"comment_status":"closed","ping_status":"closed","template":"page-templates\/template-portfolio.php","meta":[],"_links":{"self":[{"href":"https:\/\/willkommen.gymnasium-frechen.de\/index.php?rest_route=\/wp\/v2\/pages\/918"}],"collection":[{"href":"https:\/\/willkommen.gymnasium-frechen.de\/index.php?rest_route=\/wp\/v2\/pages"}],"about":[{"href":"https:\/\/willkommen.gymnasium-frechen.de\/index.php?rest_route=\/wp\/v2\/types\/page"}],"author":[{"embeddable":true,"href":"https:\/\/willkommen.gymnasium-frechen.de\/index.php?rest_route=\/wp\/v2\/users\/1"}],"replies":[{"embeddable":true,"href":"https:\/\/willkommen.gymnasium-frechen.de\/index.php?rest_route=%2Fwp%2Fv2%2Fcomments&post=918"}],"version-history":[{"count":2,"href":"https:\/\/willkommen.gymnasium-frechen.de\/index.php?rest_route=\/wp\/v2\/pages\/918\/revisions"}],"predecessor-version":[{"id":922,"href":"https:\/\/willkommen.gymnasium-frechen.de\/index.php?rest_route=\/wp\/v2\/pages\/918\/revisions\/922"}],"wp:featuredmedia":[{"embeddable":true,"href":"https:\/\/willkommen.gymnasium-frechen.de\/index.php?rest_route=\/wp\/v2\/media\/920"}],"wp:attachment":[{"href":"https:\/\/willkommen.gymnasium-frechen.de\/index.php?rest_route=%2Fwp%2Fv2%2Fmedia&parent=918"}],"curies":[{"name":"wp","href":"https:\/\/api.w.org\/{rel}","templated":true}]}}