{"id":912,"date":"2020-12-07T12:03:12","date_gmt":"2020-12-07T11:03:12","guid":{"rendered":"https:\/\/willkommen.gymnasium-frechen.de\/?page_id=912"},"modified":"2020-12-10T22:39:14","modified_gmt":"2020-12-10T21:39:14","slug":"chemie","status":"publish","type":"page","link":"https:\/\/willkommen.gymnasium-frechen.de\/?page_id=912","title":{"rendered":"CHEMIE"},"content":{"rendered":"\n<!--more-->\n\n\n\n<p>Liebe zuk\u00fcnftige F\u00fcnftkl\u00e4sslerinnen und F\u00fcnftkl\u00e4ssler!<\/p>\n\n\n\n<p>Sicher freuen sich viele von euch auf neue F\u00e4cher am Gymnasium; eines davon wird Chemie sein.<\/p>\n\n\n\n<p>\u201cChemie ist, wenn es knallt und stinkt!\u201c Vielleicht ist euch dieser Spruch schon einmal begegnet. Sicher knallt es auch mal heftig in der Chemie und es kann auch mal stinken, aber das ist nat\u00fcrlich nicht alles. In der Chemie untersucht man Stoffe, ihre Eigenschaften und Ver\u00e4nderungen. Chemie umgibt uns \u00fcberall und ohne Chemie g\u00e4be es vieles, das uns selbstverst\u00e4ndlich erscheint, \u00fcberhaupt nicht.<\/p>\n\n\n\n<p>Das Fach Chemie wird bei uns ab der 7. Klasse unterrichtet. Sp\u00e4ter k\u00f6nnt ihr auch noch den Wahlpflichtkurs Bio-Chemie w\u00e4hlen. Ein paar Einblicke geben euch das Video und die Fotos. In einem Quiz k\u00f6nnt ihr euer Wissen zur Chemie testen.<\/p>\n\n\n\n<p>Viel Spa\u00df dabei w\u00fcnschen euch die Chemielehrerinnen des Gymnasiums Frechen!<\/p>\n\n\n\n<figure class=\"wp-block-video aligncenter\"><video controls src=\"https:\/\/willkommen.gymnasium-frechen.de\/wp-content\/uploads\/2020\/12\/Chemie.mp4\"><\/video><\/figure>\n\n\n\n<div style=\"height:100px\" aria-hidden=\"true\" class=\"wp-block-spacer\"><\/div>\n\n\n\n<div class=\"is-layout-flex wp-block-buttons aligncenter\">\n<div class=\"wp-block-button\"><a class=\"wp-block-button__link\" href=\"https:\/\/create.kahoot.it\/share\/ein-chemiequiz-fur-kinder\/68af9da3-1900-4bec-8222-d16fa74da196\" target=\"_blank\" rel=\"noreferrer noopener\">Quiz<\/a><\/div>\n<\/div>\n\n\n\n<figure class=\"is-layout-flex wp-block-gallery-2 wp-block-gallery columns-3 is-cropped\"><ul class=\"blocks-gallery-grid\"><li class=\"blocks-gallery-item\"><figure><img decoding=\"async\" loading=\"lazy\" width=\"1024\" height=\"768\" src=\"https:\/\/willkommen.gymnasium-frechen.de\/wp-content\/uploads\/2020\/12\/chemische_weihnacht2-1024x768.jpg\" alt=\"\" data-id=\"1060\" data-full-url=\"https:\/\/willkommen.gymnasium-frechen.de\/wp-content\/uploads\/2020\/12\/chemische_weihnacht2-scaled.jpg\" data-link=\"https:\/\/willkommen.gymnasium-frechen.de\/?attachment_id=1060\" class=\"wp-image-1060\" srcset=\"https:\/\/willkommen.gymnasium-frechen.de\/wp-content\/uploads\/2020\/12\/chemische_weihnacht2-1024x768.jpg 1024w, https:\/\/willkommen.gymnasium-frechen.de\/wp-content\/uploads\/2020\/12\/chemische_weihnacht2-300x225.jpg 300w, https:\/\/willkommen.gymnasium-frechen.de\/wp-content\/uploads\/2020\/12\/chemische_weihnacht2-768x576.jpg 768w, https:\/\/willkommen.gymnasium-frechen.de\/wp-content\/uploads\/2020\/12\/chemische_weihnacht2-1536x1152.jpg 1536w, https:\/\/willkommen.gymnasium-frechen.de\/wp-content\/uploads\/2020\/12\/chemische_weihnacht2-2048x1536.jpg 2048w\" sizes=\"(max-width: 1024px) 100vw, 1024px\" \/><\/figure><\/li><li class=\"blocks-gallery-item\"><figure><img decoding=\"async\" loading=\"lazy\" width=\"768\" height=\"1024\" src=\"https:\/\/willkommen.gymnasium-frechen.de\/wp-content\/uploads\/2020\/12\/IMG_20201126_103944-768x1024.jpg\" alt=\"\" data-id=\"1061\" data-full-url=\"https:\/\/willkommen.gymnasium-frechen.de\/wp-content\/uploads\/2020\/12\/IMG_20201126_103944-scaled.jpg\" data-link=\"https:\/\/willkommen.gymnasium-frechen.de\/?attachment_id=1061\" class=\"wp-image-1061\" srcset=\"https:\/\/willkommen.gymnasium-frechen.de\/wp-content\/uploads\/2020\/12\/IMG_20201126_103944-768x1024.jpg 768w, https:\/\/willkommen.gymnasium-frechen.de\/wp-content\/uploads\/2020\/12\/IMG_20201126_103944-225x300.jpg 225w, https:\/\/willkommen.gymnasium-frechen.de\/wp-content\/uploads\/2020\/12\/IMG_20201126_103944-1152x1536.jpg 1152w, https:\/\/willkommen.gymnasium-frechen.de\/wp-content\/uploads\/2020\/12\/IMG_20201126_103944-1536x2048.jpg 1536w, https:\/\/willkommen.gymnasium-frechen.de\/wp-content\/uploads\/2020\/12\/IMG_20201126_103944-scaled.jpg 1920w\" sizes=\"(max-width: 768px) 100vw, 768px\" \/><\/figure><\/li><li class=\"blocks-gallery-item\"><figure><img decoding=\"async\" loading=\"lazy\" width=\"1024\" height=\"768\" src=\"https:\/\/willkommen.gymnasium-frechen.de\/wp-content\/uploads\/2020\/12\/IMG_20201126_100641-1024x768.jpg\" alt=\"\" data-id=\"1062\" data-full-url=\"https:\/\/willkommen.gymnasium-frechen.de\/wp-content\/uploads\/2020\/12\/IMG_20201126_100641-scaled.jpg\" data-link=\"https:\/\/willkommen.gymnasium-frechen.de\/?attachment_id=1062\" class=\"wp-image-1062\" srcset=\"https:\/\/willkommen.gymnasium-frechen.de\/wp-content\/uploads\/2020\/12\/IMG_20201126_100641-1024x768.jpg 1024w, https:\/\/willkommen.gymnasium-frechen.de\/wp-content\/uploads\/2020\/12\/IMG_20201126_100641-300x225.jpg 300w, https:\/\/willkommen.gymnasium-frechen.de\/wp-content\/uploads\/2020\/12\/IMG_20201126_100641-768x576.jpg 768w, https:\/\/willkommen.gymnasium-frechen.de\/wp-content\/uploads\/2020\/12\/IMG_20201126_100641-1536x1152.jpg 1536w, https:\/\/willkommen.gymnasium-frechen.de\/wp-content\/uploads\/2020\/12\/IMG_20201126_100641-2048x1536.jpg 2048w\" sizes=\"(max-width: 1024px) 100vw, 1024px\" \/><\/figure><\/li><li class=\"blocks-gallery-item\"><figure><img decoding=\"async\" loading=\"lazy\" width=\"1024\" height=\"768\" src=\"https:\/\/willkommen.gymnasium-frechen.de\/wp-content\/uploads\/2020\/12\/IMG_20201126_100626-1024x768.jpg\" alt=\"\" data-id=\"1063\" data-full-url=\"https:\/\/willkommen.gymnasium-frechen.de\/wp-content\/uploads\/2020\/12\/IMG_20201126_100626-scaled.jpg\" data-link=\"https:\/\/willkommen.gymnasium-frechen.de\/?attachment_id=1063\" class=\"wp-image-1063\" srcset=\"https:\/\/willkommen.gymnasium-frechen.de\/wp-content\/uploads\/2020\/12\/IMG_20201126_100626-1024x768.jpg 1024w, https:\/\/willkommen.gymnasium-frechen.de\/wp-content\/uploads\/2020\/12\/IMG_20201126_100626-300x225.jpg 300w, https:\/\/willkommen.gymnasium-frechen.de\/wp-content\/uploads\/2020\/12\/IMG_20201126_100626-768x576.jpg 768w, https:\/\/willkommen.gymnasium-frechen.de\/wp-content\/uploads\/2020\/12\/IMG_20201126_100626-1536x1152.jpg 1536w, https:\/\/willkommen.gymnasium-frechen.de\/wp-content\/uploads\/2020\/12\/IMG_20201126_100626-2048x1536.jpg 2048w\" sizes=\"(max-width: 1024px) 100vw, 1024px\" \/><\/figure><\/li><\/ul><\/figure>\n","protected":false},"excerpt":{"rendered":"","protected":false},"author":1,"featured_media":913,"parent":0,"menu_order":0,"comment_status":"closed","ping_status":"closed","template":"page-templates\/template-portfolio.php","meta":[],"_links":{"self":[{"href":"https:\/\/willkommen.gymnasium-frechen.de\/index.php?rest_route=\/wp\/v2\/pages\/912"}],"collection":[{"href":"https:\/\/willkommen.gymnasium-frechen.de\/index.php?rest_route=\/wp\/v2\/pages"}],"about":[{"href":"https:\/\/willkommen.gymnasium-frechen.de\/index.php?rest_route=\/wp\/v2\/types\/page"}],"author":[{"embeddable":true,"href":"https:\/\/willkommen.gymnasium-frechen.de\/index.php?rest_route=\/wp\/v2\/users\/1"}],"replies":[{"embeddable":true,"href":"https:\/\/willkommen.gymnasium-frechen.de\/index.php?rest_route=%2Fwp%2Fv2%2Fcomments&post=912"}],"version-history":[{"count":5,"href":"https:\/\/willkommen.gymnasium-frechen.de\/index.php?rest_route=\/wp\/v2\/pages\/912\/revisions"}],"predecessor-version":[{"id":1064,"href":"https:\/\/willkommen.gymnasium-frechen.de\/index.php?rest_route=\/wp\/v2\/pages\/912\/revisions\/1064"}],"wp:featuredmedia":[{"embeddable":true,"href":"https:\/\/willkommen.gymnasium-frechen.de\/index.php?rest_route=\/wp\/v2\/media\/913"}],"wp:attachment":[{"href":"https:\/\/willkommen.gymnasium-frechen.de\/index.php?rest_route=%2Fwp%2Fv2%2Fmedia&parent=912"}],"curies":[{"name":"wp","href":"https:\/\/api.w.org\/{rel}","templated":true}]}}