{"id":726,"date":"2020-12-05T05:43:22","date_gmt":"2020-12-05T04:43:22","guid":{"rendered":"https:\/\/willkommen.gymnasium-frechen.de\/?page_id=726"},"modified":"2022-10-31T13:37:36","modified_gmt":"2022-10-31T12:37:36","slug":"fragen-und-kontakt","status":"publish","type":"page","link":"https:\/\/willkommen.gymnasium-frechen.de\/?page_id=726","title":{"rendered":"Fragen und Kontakt"},"content":{"rendered":"\n<div style=\"height:44px\" aria-hidden=\"true\" class=\"wp-block-spacer\"><\/div>\n\n\n\n<p style=\"font-size:26px\"><strong>Ist das Gymnasium die richtige Schulform f\u00fcr mein Kind?<\/strong><\/p>\n\n\n\n<figure class=\"wp-block-pullquote is-style-default has-border-color\" style=\"border-color:#fdd100\"><blockquote><p>Die passende Schulform f\u00fcr ein Kind zu finden, an der es erfolgreich lernen und seine Pers\u00f6nlichkeit entsprechend seinen F\u00e4higkeiten optimal entfalten kann, ist nicht immer leicht. Einerseits m\u00f6chten Sie Ihrem Kind eine m\u00f6glichst gute Schulbildung f\u00fcr einen problemlosen Einstieg ins Berufsleben erm\u00f6glichen, andererseits wollen Sie nicht, dass Ihr Kind durch \u00dcberforderung die Neugier und Freude am Lernen verliert.<\/p><\/blockquote><\/figure>\n\n\n\n<p><\/p>\n\n\n<h4>Folgende Kriterien k\u00f6nnen bei Ihrer Entscheidung hilfreich sein:<\/h4>\n\n\n<div class=\"is-layout-flow wp-block-group\"><div class=\"wp-block-group__inner-container\">\n<div class=\"is-layout-flow wp-block-group\"><div class=\"wp-block-group__inner-container\">\n<div class=\"is-layout-flow wp-block-group\"><div class=\"wp-block-group__inner-container\">\n<ul><li>\u00fcberdurchschnittliche Fach- und Sachkenntnisse, z. B. Beherrschung der Grundrechenarten; in der Regel hat Ihr Kind gute oder bessere Zeugnisnoten; <\/li><li>Ihr Kind kann sich \u00fcber einen l\u00e4ngeren Zeitraum konzentrieren<\/li><li>Neugier und Interesse an weiterf\u00fchrenden Fragestellungen<\/li><li>positive Fragehaltung, d.h. ein Kind kann sein Verst\u00e4ndnis und Unverst\u00e4ndnis zum Ausdruck bringen<\/li><li>eigenst\u00e4ndig arbeiten, z.B. ein Kind kann Tafelbilder richtig und z\u00fcgig abschreiben, oder es erledigt seine Hausaufgaben freiwillig, ohne dass es immer wieder dazu angehalten werden muss<\/li><li>Gelerntes anwenden und auf neue Sachverhalte beziehen<\/li><li>gutes Ged\u00e4chtnis<\/li><li>Ausdauer-und Frustrationstoleranz<\/li><\/ul>\n<\/div><\/div>\n<\/div><\/div>\n\n\n\n<p><strong>Grunds\u00e4tzlich sollten Sie der Empfehlung der Grundschullehrer*innen vertrauen, denn sie kennen Ihr Kind und konnten die Entwicklung \u00fcber einen l\u00e4ngeren Zeitraum beobachten. <\/strong><\/p>\n<\/div><\/div>\n\n\n\n<figure class=\"wp-block-pullquote is-style-default has-border-color\" style=\"border-color:#fdd100\"><blockquote><p>&#8222;Bei Fragen oder Zweifeln, ob das Gymnasium die richtige Schulform f\u00fcr Ihr Kind direkt im Anschluss an die Grundschule ist, beraten wir Sie gerne in einem pers\u00f6nlichen Gespr\u00e4ch.&#8220;<\/p><cite>Oliver Hermann &#8211; Unterstufenkoordinator<\/cite><\/blockquote><\/figure>\n\n\n\n<div class=\"is-layout-flow wp-block-group\"><div class=\"wp-block-group__inner-container\">\n<div style=\"height:52px\" aria-hidden=\"true\" class=\"wp-block-spacer\"><\/div>\n\n\n\n<p style=\"font-size:26px\"><strong>Wer kann sich f\u00fcr die Musikklasse anmelden?<\/strong><\/p>\n\n\n\n<p>Kinder, die bereits ein Musikinstrument spielen und mindestens einige Monate vor dem Beginn der Schulzeit auf dem Gymnasium Frechen Instrumentalunterricht erhalten haben, k\u00f6nnen bei der Anmeldung den Wunsch angeben, in die Musikklasse aufgenommen zu werden. <\/p>\n\n\n\n<div style=\"height:25px\" aria-hidden=\"true\" class=\"wp-block-spacer\"><\/div>\n\n\n\n<p style=\"font-size:26px\"><strong>Wann findet die Wahl der zweiten Fremdsprache statt?<\/strong> <\/p>\n\n\n\n<p>Die Wahl der zweiten Fremdsprache (Franz\u00f6sisch, Latein oder Spanisch ab Klasse 7) findet am Ende der Erprobungsstufe (Klasse 6) statt. Die Klassen werden nach der Wahl teilweise neu zusammengesetzt.<\/p>\n\n\n\n<div style=\"height:21px\" aria-hidden=\"true\" class=\"wp-block-spacer\"><\/div>\n\n\n\n<p style=\"font-size:26px\"><strong>Wie erfolgt die Anmeldung?<\/strong><\/p>\n\n\n\n<p><strong>Anmeldung mit uneingeschr\u00e4nkter Gymnasialempfehlung:<\/strong><\/p>\n\n\n\n<ul><li>06.02. bis 24.02.2023 von 8.00 \u201315.00 Uhr, <\/li><li>freitags bis 14.00 Uhr (bitte nicht in den gro\u00dfen Pausen 9.25-9.45 und 11.20-11.40) <\/li><\/ul>\n\n\n\n<p><strong>Anmeldung mit eingeschr\u00e4nkter Gymnasialempfehlung und Realschulempfehlung: <\/strong><\/p>\n\n\n\n<ul><li>ab dem 04.02.2023 k\u00f6nnen telefonisch Termine f\u00fcr ein Beratungsgespr\u00e4ch vereinbart werden<\/li><li>sobald wir genaue Aussagen zum Ablauf der Anmeldung treffen k\u00f6nnen, werden diese hier ver\u00f6ffentlicht.<\/li><li>Bitte bringen Sie zur Anmeldung folgende Unterlagen mit:<ul><li>Anmeldeschein der Grundschule in 4-facher Ausfertigung<\/li><li>ausgef\u00fclltes Anmeldeformular des Gymnasiums Frechen<\/li><li>Zeugniskopie vom 4. Schuljahr, 1. Halbjahr, mit der Schulformempfehlung<\/li><li>Nachweis \u00fcber die Masernschutzimpfung<\/li><\/ul><\/li><\/ul>\n\n\n\n<div style=\"height:37px\" aria-hidden=\"true\" class=\"wp-block-spacer\"><\/div>\n\n\n\n<p style=\"font-size:26px\"><strong>Weitere Fragen? <\/strong><\/p>\n\n\n\n<p>Viele Informationen finden Sie auch auf unserer <a href=\"http:\/\/gymnasium-frechen.de\">Homepage<\/a>!<\/p>\n\n\n\n<p>Dann kontaktieren Sie uns unter: <a href=\"https:\/\/email.ionos.de\/appsuite\/?tl=y\">tagderoffenentuer@gymnasium-frechen.de<\/a><\/p>\n<\/div><\/div>\n\n\n\n<p><\/p>\n","protected":false},"excerpt":{"rendered":"<p>Ist das Gymnasium die richtige Schulform f\u00fcr mein Kind? Die passende Schulform f\u00fcr ein Kind zu finden, an der es erfolgreich lernen und seine Pers\u00f6nlichkeit<\/p>\n","protected":false},"author":1,"featured_media":0,"parent":0,"menu_order":0,"comment_status":"closed","ping_status":"closed","template":"","meta":[],"_links":{"self":[{"href":"https:\/\/willkommen.gymnasium-frechen.de\/index.php?rest_route=\/wp\/v2\/pages\/726"}],"collection":[{"href":"https:\/\/willkommen.gymnasium-frechen.de\/index.php?rest_route=\/wp\/v2\/pages"}],"about":[{"href":"https:\/\/willkommen.gymnasium-frechen.de\/index.php?rest_route=\/wp\/v2\/types\/page"}],"author":[{"embeddable":true,"href":"https:\/\/willkommen.gymnasium-frechen.de\/index.php?rest_route=\/wp\/v2\/users\/1"}],"replies":[{"embeddable":true,"href":"https:\/\/willkommen.gymnasium-frechen.de\/index.php?rest_route=%2Fwp%2Fv2%2Fcomments&post=726"}],"version-history":[{"count":23,"href":"https:\/\/willkommen.gymnasium-frechen.de\/index.php?rest_route=\/wp\/v2\/pages\/726\/revisions"}],"predecessor-version":[{"id":1273,"href":"https:\/\/willkommen.gymnasium-frechen.de\/index.php?rest_route=\/wp\/v2\/pages\/726\/revisions\/1273"}],"wp:attachment":[{"href":"https:\/\/willkommen.gymnasium-frechen.de\/index.php?rest_route=%2Fwp%2Fv2%2Fmedia&parent=726"}],"curies":[{"name":"wp","href":"https:\/\/api.w.org\/{rel}","templated":true}]}}