{"id":24,"date":"2015-07-20T09:18:22","date_gmt":"2015-07-20T09:18:22","guid":{"rendered":"http:\/\/demo.themegrill.com\/himalayas\/?page_id=24"},"modified":"2022-11-06T15:46:38","modified_gmt":"2022-11-06T14:46:38","slug":"free-theme","status":"publish","type":"page","link":"https:\/\/willkommen.gymnasium-frechen.de\/?page_id=24","title":{"rendered":"Was uns wichtig ist"},"content":{"rendered":"\n<div class=\"is-layout-flex wp-container-2 wp-block-columns\">\n<div class=\"is-layout-flow wp-block-column\">\n<!--more-->\n\n\n\n<p>Unsere Sch\u00fcler*innen kommen als Kinder zu uns. Sie verlassen uns als Erwachsene. Auf diesem Weg wollen wir sie optimal begleiten. Dieses Verst\u00e4ndnis pr\u00e4gt unser Leitbild und es durchdringt unsere Leitlinien.<\/p>\n\n\n\n<h2 class=\"has-text-align-center has-text-color\" style=\"color:#fdd100\"><mark style=\"background-color:rgba(0, 0, 0, 0);color:#fdd100\" class=\"has-inline-color\">Unser Leitbild<\/mark><\/h2>\n\n\n\n<p class=\"has-text-align-center\"><strong><em>Miteinander wachsen f\u00fcr eine Schule, die gelingt<\/em><\/strong><\/p>\n\n\n<div class=\"wp-block-image\">\n<figure class=\"aligncenter size-full is-resized\"><img decoding=\"async\" loading=\"lazy\" src=\"https:\/\/willkommen.gymnasium-frechen.de\/wp-content\/uploads\/2022\/01\/image-1.png\" alt=\"\" class=\"wp-image-1241\" width=\"583\" height=\"561\" srcset=\"https:\/\/willkommen.gymnasium-frechen.de\/wp-content\/uploads\/2022\/01\/image-1.png 924w, https:\/\/willkommen.gymnasium-frechen.de\/wp-content\/uploads\/2022\/01\/image-1-300x289.png 300w, https:\/\/willkommen.gymnasium-frechen.de\/wp-content\/uploads\/2022\/01\/image-1-768x740.png 768w\" sizes=\"(max-width: 583px) 100vw, 583px\" \/><\/figure><\/div><\/div>\n<\/div>\n\n\n\n<div class=\"wp-block-file\"><a id=\"wp-block-file--media-5c3806b0-6bcc-4d54-9886-6ff4944514f5\" href=\"https:\/\/willkommen.gymnasium-frechen.de\/wp-content\/uploads\/2022\/01\/Leitbild-Leitsaetze-Leitziele.pdf\">Leitbild-Leits\u00e4tze-Leitziele<\/a><\/div>\n\n\n\n<p>Das bedeutet f\u00fcr uns:<\/p>\n\n\n\n<ul>\n<li>Allen viele M\u00f6glichkeiten zu bieten, sich auszuprobieren,<\/li>\n\n\n\n<li>wobei in allen Jahrgangsstufen sehr verschiedene Angebote gemacht werden, aus allen Bereichen.<\/li>\n\n\n\n<li>Bewusst gibt es keinen besonderen Zweig (wie englisch bilingual oder MINT), der kontinuierlich besucht wird und auf den man sich fr\u00fch festlegen muss.<\/li>\n\n\n\n<li>Stattdessen haben alle die M\u00f6glichkeit, Akzente z.B. in Naturwissenschaften und Sprachen zu setzen, gleichzeitig oder \u00fcber die Jahre verteilt.<\/li>\n\n\n\n<li>Damit schaffen wir zugleich Anregungen und geben Freir\u00e4ume zur individuellen Entwicklung.<\/li>\n\n\n\n<li>Wir ermutigen unsere Sch\u00fcler*innen, Herausforderungen anzunehmen und neue Wege zu gehen, und unterst\u00fctzen sie dabei.<\/li>\n<\/ul>\n\n\n\n<div class=\"is-layout-flex wp-container-5 wp-block-columns\">\n<div class=\"is-layout-flow wp-block-column\">\n<figure class=\"wp-block-image size-full\"><img decoding=\"async\" loading=\"lazy\" width=\"534\" height=\"758\" src=\"https:\/\/willkommen.gymnasium-frechen.de\/wp-content\/uploads\/2021\/12\/Entdecken-und-Foerdern.png\" alt=\"\" class=\"wp-image-1230\" srcset=\"https:\/\/willkommen.gymnasium-frechen.de\/wp-content\/uploads\/2021\/12\/Entdecken-und-Foerdern.png 534w, https:\/\/willkommen.gymnasium-frechen.de\/wp-content\/uploads\/2021\/12\/Entdecken-und-Foerdern-211x300.png 211w\" sizes=\"(max-width: 534px) 100vw, 534px\" \/><\/figure>\n<\/div>\n\n\n\n<div class=\"is-layout-flow wp-block-column\">\n<figure class=\"wp-block-image size-full\"><img decoding=\"async\" loading=\"lazy\" width=\"625\" height=\"869\" src=\"https:\/\/willkommen.gymnasium-frechen.de\/wp-content\/uploads\/2022\/11\/Verantwortung-uebernehmen-fuer-sich-und-andere-2022.png\" alt=\"\" class=\"wp-image-1305\" srcset=\"https:\/\/willkommen.gymnasium-frechen.de\/wp-content\/uploads\/2022\/11\/Verantwortung-uebernehmen-fuer-sich-und-andere-2022.png 625w, https:\/\/willkommen.gymnasium-frechen.de\/wp-content\/uploads\/2022\/11\/Verantwortung-uebernehmen-fuer-sich-und-andere-2022-216x300.png 216w\" sizes=\"(max-width: 625px) 100vw, 625px\" \/><\/figure>\n<\/div>\n<\/div>\n\n\n\n<div class=\"is-layout-flex wp-container-10 wp-block-columns\">\n<div class=\"is-layout-flow wp-block-column\">\n<div class=\"is-layout-flow wp-block-group\"><div class=\"wp-block-group__inner-container\">\n<h2><strong>\u00c4sthetische Bildung in der Schule hat einen sehr hohen Stellenwert<\/strong><\/h2>\n\n\n\n<p>Die K\u00fcnste<\/p>\n\n\n\n<p>\u2022 bieten mit ihren Klang-, Bewegungs-, Bild- und Sprachwelten das reichste und anspruchsvollste Repertoire f\u00fcr die subjektive Wahrnehmung, das es gibt,<\/p>\n\n\n\n<p>\u2022 bieten das offenste und freieste Gestaltungsfeld der Gesellschaft,<\/p>\n\n\n\n<p>\u2022 fordern die komplexesten Formen menschlicher Wahrnehmung und Gestaltung, rezeptiv und produktiv.<\/p>\n\n\n\n<p><strong>Deshalb m\u00f6chten wir<\/strong><\/p>\n\n\n\n<p>\u2022 allen Kindern und Jugendlichen gut gangbare Zug\u00e4nge zu den verschiedensten K\u00fcnsten er\u00f6ffnen,<\/p>\n\n\n\n<p><a>\u2022<\/a> Kinder und Jugendliche durch ihre eigene aktive Teilhabe am Kulturleben, in Kunst, Musik, im Theaterspiel, st\u00e4rken und f\u00f6rdern.<\/p>\n\n\n\n<p>Unser Ideal ist es, dass jede Sch\u00fclerin, jeder Sch\u00fcler mindestens einmal in seinem Schulleben an unserer Schule auf der B\u00fchne steht.<\/p>\n\n\n\n<p><strong>Kultur rezipierend erfahren<\/strong><\/p>\n\n\n\n<p>Regelm\u00e4\u00dfig finden Lesungen statt, wir gehen ins Theater oder kooperierende Theater kommen in die Schule, wir besuchen Museen und Konzerte.<\/p>\n\n\n\n<p>Dazu geh\u00f6rt auch Erinnerungskultur beim Besuch historischer St\u00e4tten.<\/p>\n\n\n\n<p>Wir kooperieren dazu mit dem Lindentheater, der Stadtbibliothek und der Theaterschule Aachen.<\/p>\n\n\n\n<p><strong>Sich ausdr\u00fccken, kreatives Potenzial entfalten bzw. f\u00f6rdern&nbsp;&nbsp;&nbsp;<\/strong><\/p>\n\n\n\n<p>Dies ist in vielerlei Hinsicht m\u00f6glich:<\/p>\n\n\n\n<p>Bei Malerei, Plastik, Kunstaktionen, beim Musizieren in Ensembles oder als Solist bei Konzerten, bei der Entwicklung und Darbietung von Tanz oder Filmen. Auch Kulturtechniken (Werken, N\u00e4hen, Kochen) geh\u00f6ren f\u00fcr uns dazu.<\/p>\n\n\n\n<p><strong>Kultur selbst gestalten durch das Mitwirken in Produktionen<\/strong><\/p>\n\n\n\n<p>In der \u00d6ffentlichkeit agieren, etwas pr\u00e4sentieren \u2013 all das will gelernt sein, ebenso wie mit Lampenfieber umzugehen oder in einem Ensemble zu bestehen.<\/p>\n\n\n\n<p>Der eigene und der gemeinsame Erfolg bringt Wertsch\u00e4tzung und st\u00e4rkt die Pers\u00f6nlichkeit.<\/p>\n\n\n\n<p>Talente werden sichtbar. Die Akteure k\u00f6nnen stolz auf das Geleistete sein.<\/p>\n\n\n\n<p>Unser Ideal ist es, dass jede Sch\u00fclerin, jeder Sch\u00fcler mindestens einmal in seinem Schulleben an unserer Schule auf der B\u00fchne steht.<\/p>\n\n\n\n<p>In Arbeitsgemeinschaften (z.B. Musical, Zirkus, Film) wie im Unterricht (Fachunterricht, vor allem in der Musikklasse, im Wahlpflichtbereich der Jg.9\/10 und in Projektkursen) gibt es dazu zahlreiche M\u00f6glichkeiten.<\/p>\n<\/div><\/div>\n<\/div>\n\n\n\n<div class=\"is-layout-flow wp-block-column\">\n<div class=\"is-layout-flow wp-block-group\"><div class=\"wp-block-group__inner-container\">\n<h2><strong>Kultur im Leben der Schulgemeinschaft<\/strong> <\/h2>\n\n\n\n<h2>                    <\/h2>\n\n\n\n<p>Eine Vielzahl kultureller Veranstaltungen pr\u00e4gt im Laufe eines Jahres unser Schulleben. Sie bringen uns als Schulgemeinde zusammen, und das genie\u00dfen wir. Selbst jetzt zu Coronazeiten planen wir Auff\u00fchrungen und Fahrten; tats\u00e4chlich konnte bisher eine nennenswerte Zahl von Veranstaltungen stattfinden.<\/p>\n\n\n\n<p><strong>Einzelne Veranstaltungen f\u00fcr die ganze Schulgemeinschaft:<\/strong><\/p>\n\n\n\n<ul>\n<li>kultureller Abend<\/li>\n\n\n\n<li>Musicalabend<\/li>\n\n\n\n<li>Theaterauff\u00fchrung<\/li>\n\n\n\n<li>Zirkusauff\u00fchrung<\/li>\n\n\n\n<li>Schulfest<\/li>\n\n\n\n<li>Weihnachts- und Schuljahresend-Gottesdienst<\/li>\n<\/ul>\n\n\n\n<p>Zu diesen Veranstaltungen sind alle Mitglieder der Schulgemeinschaft herzlich eingeladen.<\/p>\n\n\n\n<p>Beim Schulfest liegt sogar die Organisation in den H\u00e4nden einer Arbeitsgruppe, in der sich neben Lehrer*innen Eltern tatkr\u00e4ftig einbringen.<\/p>\n\n\n\n<p><strong>Jahrgangsstufen\u00fcbergreifende Veranstaltungen \/ Aktivit\u00e4ten: (Auswahl)<\/strong><\/p>\n\n\n\n<ul>\n<li>Karnevalsfeier an Weiberfastnacht in der Mensa<\/li>\n\n\n\n<li>Vorlesewettbewerb Jg.6 in der Mensa<\/li>\n\n\n\n<li>Skifahrt Jg.7<\/li>\n\n\n\n<li>Exkursionen nach Li\u00e8ge bzw. Xanten (Jg.9)<\/li>\n\n\n\n<li>Tage religi\u00f6ser und philosophischer Orientierung (Jg.9)<\/li>\n\n\n\n<li>Studienfahrt nach Brighton (Jg.10)<\/li>\n\n\n\n<li>Studienfahrt Q1<\/li>\n\n\n\n<li>Theaterbesuche<\/li>\n\n\n\n<li>englischsprachiger Film im Lindentheater (Q1\/Q2)<\/li>\n<\/ul>\n\n\n\n<p><\/p>\n\n\n\n<p><\/p>\n\n\n\n<div style=\"height:71px\" aria-hidden=\"true\" class=\"wp-block-spacer\"><\/div>\n\n\n\n<h2><strong>Kultur im Austausch mit anderen L\u00e4ndern<\/strong><\/h2>\n\n\n\n<ul>\n<li>Verschiedene Herkunftskulturen in den Familien unserer Sch\u00fcler*innen bereichern Unterricht und Schulleben<\/li>\n\n\n\n<li>Internationale Austausche: St Bonnet (Frankreich), Partnerschaft der Junior-Ingenieur-Akademie mit einer Schule in Kreta, Teilnahme an Erasmus+-Austauschprogrammen mit einer Vielzahl von Schulen im europ\u00e4ischen Ausland<\/li>\n<\/ul>\n<\/div><\/div>\n<\/div>\n<\/div>\n\n\n\n<h2><strong>Kulturelles Profil G9 \u00dcberblick \u00fcber bereits vorhandene Aktivit\u00e4ten Stand Januar 2022<\/strong><\/h2>\n\n\n\n<div class=\"is-layout-flex wp-container-12 wp-block-columns\">\n<div class=\"is-layout-flow wp-block-column\">\n<figure class=\"wp-block-image size-large\"><img decoding=\"async\" loading=\"lazy\" width=\"1024\" height=\"576\" src=\"https:\/\/willkommen.gymnasium-frechen.de\/wp-content\/uploads\/2022\/01\/Microsoft-PowerPoint-Praesentation-neu-1024x576.jpg\" alt=\"\" class=\"wp-image-1245\" srcset=\"https:\/\/willkommen.gymnasium-frechen.de\/wp-content\/uploads\/2022\/01\/Microsoft-PowerPoint-Praesentation-neu-1024x576.jpg 1024w, https:\/\/willkommen.gymnasium-frechen.de\/wp-content\/uploads\/2022\/01\/Microsoft-PowerPoint-Praesentation-neu-300x169.jpg 300w, https:\/\/willkommen.gymnasium-frechen.de\/wp-content\/uploads\/2022\/01\/Microsoft-PowerPoint-Praesentation-neu-768x432.jpg 768w, https:\/\/willkommen.gymnasium-frechen.de\/wp-content\/uploads\/2022\/01\/Microsoft-PowerPoint-Praesentation-neu.jpg 1280w\" sizes=\"(max-width: 1024px) 100vw, 1024px\" \/><\/figure>\n<\/div>\n<\/div>\n","protected":false},"excerpt":{"rendered":"","protected":false},"author":1,"featured_media":1241,"parent":0,"menu_order":-1,"comment_status":"closed","ping_status":"open","template":"page-templates\/template-services.php","meta":[],"_links":{"self":[{"href":"https:\/\/willkommen.gymnasium-frechen.de\/index.php?rest_route=\/wp\/v2\/pages\/24"}],"collection":[{"href":"https:\/\/willkommen.gymnasium-frechen.de\/index.php?rest_route=\/wp\/v2\/pages"}],"about":[{"href":"https:\/\/willkommen.gymnasium-frechen.de\/index.php?rest_route=\/wp\/v2\/types\/page"}],"author":[{"embeddable":true,"href":"https:\/\/willkommen.gymnasium-frechen.de\/index.php?rest_route=\/wp\/v2\/users\/1"}],"replies":[{"embeddable":true,"href":"https:\/\/willkommen.gymnasium-frechen.de\/index.php?rest_route=%2Fwp%2Fv2%2Fcomments&post=24"}],"version-history":[{"count":31,"href":"https:\/\/willkommen.gymnasium-frechen.de\/index.php?rest_route=\/wp\/v2\/pages\/24\/revisions"}],"predecessor-version":[{"id":1306,"href":"https:\/\/willkommen.gymnasium-frechen.de\/index.php?rest_route=\/wp\/v2\/pages\/24\/revisions\/1306"}],"wp:featuredmedia":[{"embeddable":true,"href":"https:\/\/willkommen.gymnasium-frechen.de\/index.php?rest_route=\/wp\/v2\/media\/1241"}],"wp:attachment":[{"href":"https:\/\/willkommen.gymnasium-frechen.de\/index.php?rest_route=%2Fwp%2Fv2%2Fmedia&parent=24"}],"curies":[{"name":"wp","href":"https:\/\/api.w.org\/{rel}","templated":true}]}}