{"id":1166,"date":"2020-12-22T08:27:01","date_gmt":"2020-12-22T07:27:01","guid":{"rendered":"https:\/\/willkommen.gymnasium-frechen.de\/?page_id=1166"},"modified":"2020-12-23T14:52:15","modified_gmt":"2020-12-23T13:52:15","slug":"informatik","status":"publish","type":"page","link":"https:\/\/willkommen.gymnasium-frechen.de\/?page_id=1166","title":{"rendered":"INFORMATIK"},"content":{"rendered":"\n<div style=\"height:34px\" aria-hidden=\"true\" class=\"wp-block-spacer\"><\/div>\n\n\n\n<!--more-->\n\n\n\n<div class=\"wp-block-media-text alignwide is-stacked-on-mobile\" style=\"grid-template-columns:30% auto\"><figure class=\"wp-block-media-text__media\"><img decoding=\"async\" loading=\"lazy\" width=\"768\" height=\"1024\" src=\"https:\/\/willkommen.gymnasium-frechen.de\/wp-content\/uploads\/2020\/12\/PXL_20201215_124414372-768x1024.jpg\" alt=\"\" class=\"wp-image-1171\" srcset=\"https:\/\/willkommen.gymnasium-frechen.de\/wp-content\/uploads\/2020\/12\/PXL_20201215_124414372-768x1024.jpg 768w, https:\/\/willkommen.gymnasium-frechen.de\/wp-content\/uploads\/2020\/12\/PXL_20201215_124414372-225x300.jpg 225w, https:\/\/willkommen.gymnasium-frechen.de\/wp-content\/uploads\/2020\/12\/PXL_20201215_124414372-1152x1536.jpg 1152w, https:\/\/willkommen.gymnasium-frechen.de\/wp-content\/uploads\/2020\/12\/PXL_20201215_124414372-1536x2048.jpg 1536w, https:\/\/willkommen.gymnasium-frechen.de\/wp-content\/uploads\/2020\/12\/PXL_20201215_124414372-scaled.jpg 1920w\" sizes=\"(max-width: 768px) 100vw, 768px\" \/><\/figure><div class=\"wp-block-media-text__content\">\n<p class=\"has-large-font-size\"><em>Informatik &#8211; Lernst du noch oder programmierst du schon?<\/em><\/p>\n<\/div><\/div>\n\n\n\n<div style=\"height:61px\" aria-hidden=\"true\" class=\"wp-block-spacer\"><\/div>\n\n\n\n<p class=\"has-medium-font-size\">Vielleicht hast du dich schon einmal gefragt, wie die ganzen Programme und Apps auf deinem Computer, Smartphone oder Tablet entstehen? Einen Einblick in die Gestaltung solcher Programme, aber noch vieles mehr kannst du im Informatikunterricht am Gymnasium in Frechen bekommen.<\/p>\n\n\n\n<div style=\"height:20px\" aria-hidden=\"true\" class=\"wp-block-spacer\"><\/div>\n\n\n\n<figure class=\"wp-block-image size-large\"><img decoding=\"async\" loading=\"lazy\" width=\"1024\" height=\"463\" src=\"https:\/\/willkommen.gymnasium-frechen.de\/wp-content\/uploads\/2020\/12\/Bildschirmfoto-vom-2020-12-21-15-43-47-1024x463.png\" alt=\"\" class=\"wp-image-1167\" srcset=\"https:\/\/willkommen.gymnasium-frechen.de\/wp-content\/uploads\/2020\/12\/Bildschirmfoto-vom-2020-12-21-15-43-47-1024x463.png 1024w, https:\/\/willkommen.gymnasium-frechen.de\/wp-content\/uploads\/2020\/12\/Bildschirmfoto-vom-2020-12-21-15-43-47-300x136.png 300w, https:\/\/willkommen.gymnasium-frechen.de\/wp-content\/uploads\/2020\/12\/Bildschirmfoto-vom-2020-12-21-15-43-47-768x347.png 768w, https:\/\/willkommen.gymnasium-frechen.de\/wp-content\/uploads\/2020\/12\/Bildschirmfoto-vom-2020-12-21-15-43-47-1536x695.png 1536w, https:\/\/willkommen.gymnasium-frechen.de\/wp-content\/uploads\/2020\/12\/Bildschirmfoto-vom-2020-12-21-15-43-47.png 1901w\" sizes=\"(max-width: 1024px) 100vw, 1024px\" \/><\/figure>\n\n\n\n<p class=\"has-medium-font-size\">Programmieren mit Scratch: Mit dieser spannenden Programmierumgebung kannst du tolle Filme und sogar Spiele programmieren. Das geht ganz einfach, egal ob du zum ersten Mal programmierst oder schon Experte bist.<\/p>\n\n\n\n<figure class=\"wp-block-image size-large\"><img decoding=\"async\" loading=\"lazy\" width=\"1024\" height=\"531\" src=\"https:\/\/willkommen.gymnasium-frechen.de\/wp-content\/uploads\/2020\/12\/Bildschirmfoto-vom-2020-12-21-15-53-44-1024x531.png\" alt=\"\" class=\"wp-image-1168\" srcset=\"https:\/\/willkommen.gymnasium-frechen.de\/wp-content\/uploads\/2020\/12\/Bildschirmfoto-vom-2020-12-21-15-53-44-1024x531.png 1024w, https:\/\/willkommen.gymnasium-frechen.de\/wp-content\/uploads\/2020\/12\/Bildschirmfoto-vom-2020-12-21-15-53-44-300x156.png 300w, https:\/\/willkommen.gymnasium-frechen.de\/wp-content\/uploads\/2020\/12\/Bildschirmfoto-vom-2020-12-21-15-53-44-768x398.png 768w, https:\/\/willkommen.gymnasium-frechen.de\/wp-content\/uploads\/2020\/12\/Bildschirmfoto-vom-2020-12-21-15-53-44-1536x797.png 1536w, https:\/\/willkommen.gymnasium-frechen.de\/wp-content\/uploads\/2020\/12\/Bildschirmfoto-vom-2020-12-21-15-53-44.png 1544w\" sizes=\"(max-width: 1024px) 100vw, 1024px\" \/><\/figure>\n\n\n\n<p class=\"has-medium-font-size\">Mit den kleinen Callioperobotern, kannst du bei uns sogar kleine fahrende Autos oder ein automatisches Fahrradr\u00fccklicht programmieren. Vielleicht hast du ja auch noch tolle Ideen, was man alles mit diesen kleinen Computern so anstellen kann?<\/p>\n\n\n\n<p class=\"has-medium-font-size\">Aber auch geheime Nachrichten werden in der Informatik verschl\u00fcsselt. Dazu gibt es ganz viele M\u00f6glichkeiten. Eine hat schon der r\u00f6mische Feldherr Julius Caesar verwendet. Wir haben dir eine solche geheime Nachricht geschrieben. Kannst du diese entschl\u00fcsseln?<br>Kleiner Tipp: Aus einem A ist ein D und aus einem B ein E gemacht worden. Was ist dann wohl aus den anderen Buchstaben geworden?<\/p>\n\n\n\n<p class=\"has-medium-font-size\">Geheime Nachricht: JXW JHPDFKW LQIRUPDWLNHU!<\/p>\n\n\n\n<p class=\"has-medium-font-size\">Viel Spa\u00df beim Entschl\u00fcsseln.<\/p>\n","protected":false},"excerpt":{"rendered":"","protected":false},"author":1,"featured_media":1170,"parent":0,"menu_order":5,"comment_status":"closed","ping_status":"closed","template":"page-templates\/template-portfolio.php","meta":[],"_links":{"self":[{"href":"https:\/\/willkommen.gymnasium-frechen.de\/index.php?rest_route=\/wp\/v2\/pages\/1166"}],"collection":[{"href":"https:\/\/willkommen.gymnasium-frechen.de\/index.php?rest_route=\/wp\/v2\/pages"}],"about":[{"href":"https:\/\/willkommen.gymnasium-frechen.de\/index.php?rest_route=\/wp\/v2\/types\/page"}],"author":[{"embeddable":true,"href":"https:\/\/willkommen.gymnasium-frechen.de\/index.php?rest_route=\/wp\/v2\/users\/1"}],"replies":[{"embeddable":true,"href":"https:\/\/willkommen.gymnasium-frechen.de\/index.php?rest_route=%2Fwp%2Fv2%2Fcomments&post=1166"}],"version-history":[{"count":11,"href":"https:\/\/willkommen.gymnasium-frechen.de\/index.php?rest_route=\/wp\/v2\/pages\/1166\/revisions"}],"predecessor-version":[{"id":1183,"href":"https:\/\/willkommen.gymnasium-frechen.de\/index.php?rest_route=\/wp\/v2\/pages\/1166\/revisions\/1183"}],"wp:featuredmedia":[{"embeddable":true,"href":"https:\/\/willkommen.gymnasium-frechen.de\/index.php?rest_route=\/wp\/v2\/media\/1170"}],"wp:attachment":[{"href":"https:\/\/willkommen.gymnasium-frechen.de\/index.php?rest_route=%2Fwp%2Fv2%2Fmedia&parent=1166"}],"curies":[{"name":"wp","href":"https:\/\/api.w.org\/{rel}","templated":true}]}}