{"id":1155,"date":"2020-12-19T20:36:11","date_gmt":"2020-12-19T19:36:11","guid":{"rendered":"https:\/\/willkommen.gymnasium-frechen.de\/?page_id=1155"},"modified":"2020-12-22T08:34:48","modified_gmt":"2020-12-22T07:34:48","slug":"geschichte","status":"publish","type":"page","link":"https:\/\/willkommen.gymnasium-frechen.de\/?page_id=1155","title":{"rendered":"GESCHICHTE"},"content":{"rendered":"\n<!--more-->\n\n\n<p><span style=\"color: #000000;\"><b>Liebe Viertkl\u00e4ssler,<\/b><\/span><\/p>\n<p><span style=\"color: #000000;\">Wir freuen uns, euch hier begr\u00fc\u00dfen zu d\u00fcrfen.<\/span><\/p>\n<p><span style=\"color: #000000;\">In Geschichte geht es um Themen, von denen ihr alle schon geh\u00f6rt habt: Griechen, R\u00f6mer, Ritter und Burgen. Aber es gibt noch viel, viel, viel, viel, viel mehr.<\/span><\/p>\n<p><span style=\"color: #000000;\">Schaut Euch unser Video unten an, das wir extra f\u00fcr Euch erstellt haben.<\/span><\/p>\n<p><span style=\"color: #000000;\">Wir hoffen, dass wir euch bald an unserer Schule begr\u00fc\u00dfen d\u00fcrfen, um mit euch die richtigen Fragen zu stellen, zu forschen und in verschiedenste Bereiche der Geschichte einzutauchen.<\/span><\/p>\n<p><span style=\"color: #000000;\"><b>Eure Fachschaft Geschichte<\/b><\/span><\/p>\n\n\n<figure class=\"wp-block-video\"><video controls src=\"https:\/\/willkommen.gymnasium-frechen.de\/wp-content\/uploads\/2020\/12\/Geschichte-1.mp4\"><\/video><\/figure>\n","protected":false},"excerpt":{"rendered":"","protected":false},"author":1,"featured_media":1160,"parent":0,"menu_order":4,"comment_status":"closed","ping_status":"closed","template":"page-templates\/template-portfolio.php","meta":[],"_links":{"self":[{"href":"https:\/\/willkommen.gymnasium-frechen.de\/index.php?rest_route=\/wp\/v2\/pages\/1155"}],"collection":[{"href":"https:\/\/willkommen.gymnasium-frechen.de\/index.php?rest_route=\/wp\/v2\/pages"}],"about":[{"href":"https:\/\/willkommen.gymnasium-frechen.de\/index.php?rest_route=\/wp\/v2\/types\/page"}],"author":[{"embeddable":true,"href":"https:\/\/willkommen.gymnasium-frechen.de\/index.php?rest_route=\/wp\/v2\/users\/1"}],"replies":[{"embeddable":true,"href":"https:\/\/willkommen.gymnasium-frechen.de\/index.php?rest_route=%2Fwp%2Fv2%2Fcomments&post=1155"}],"version-history":[{"count":2,"href":"https:\/\/willkommen.gymnasium-frechen.de\/index.php?rest_route=\/wp\/v2\/pages\/1155\/revisions"}],"predecessor-version":[{"id":1161,"href":"https:\/\/willkommen.gymnasium-frechen.de\/index.php?rest_route=\/wp\/v2\/pages\/1155\/revisions\/1161"}],"wp:featuredmedia":[{"embeddable":true,"href":"https:\/\/willkommen.gymnasium-frechen.de\/index.php?rest_route=\/wp\/v2\/media\/1160"}],"wp:attachment":[{"href":"https:\/\/willkommen.gymnasium-frechen.de\/index.php?rest_route=%2Fwp%2Fv2%2Fmedia&parent=1155"}],"curies":[{"name":"wp","href":"https:\/\/api.w.org\/{rel}","templated":true}]}}