{"id":1081,"date":"2020-12-14T10:46:07","date_gmt":"2020-12-14T09:46:07","guid":{"rendered":"https:\/\/willkommen.gymnasium-frechen.de\/?page_id=1081"},"modified":"2020-12-22T08:46:24","modified_gmt":"2020-12-22T07:46:24","slug":"wirtschaft-politik","status":"publish","type":"page","link":"https:\/\/willkommen.gymnasium-frechen.de\/?page_id=1081","title":{"rendered":"Wirtschaft-Politik"},"content":{"rendered":"\n<!--more-->\n\n\n\n<p>Worum geht es in diesem Fach?<\/p>\n\n\n\n<p>In der f\u00fcnften Klasse hast du das erste Mal das Fach \u201eWirtschaft-Politik\u201c. Manches, was wir dort behandeln, kennst du schon aus deiner Freizeit oder aus der Grundschule.<\/p>\n\n\n\n<p>Im Unterricht werden wir bekannte Themen vertiefen und weitere Themen kennenlernen. Zum Beispiel geht es darum, wie ein gutes Miteinander in der Klasse funktionieren kann, Demokratie in der Schule funktioniert oder auch um die Politik in der Gemeinde und wie Entscheidungen in der Gemeinde getroffen werden. Wir kl\u00e4ren, warum wir mit Geld wirtschaften m\u00fcssen, ob Kinder Taschengeld bekommen sollten und wie Werbung beeinflusst, was wir gerne gekauft haben m\u00f6chten. Und vieles, vieles mehr.<\/p>\n\n\n\n<p>Zum Thema: \u201ePolitik in der Gemeinde\u201c haben sich die jetzigen f\u00fcnften Klasse Gedanken gemacht, was in der Stadt Frechen zu verbessern ist. Ein paar Beispiele zeigen wir dir jetzt in diesem Film:<\/p>\n\n\n\n<figure class=\"wp-block-video aligncenter\"><video controls src=\"https:\/\/willkommen.gymnasium-frechen.de\/wp-content\/uploads\/2020\/12\/IMG_0099.mp4\"><\/video><\/figure>\n\n\n\n<p><\/p>\n","protected":false},"excerpt":{"rendered":"","protected":false},"author":1,"featured_media":1086,"parent":0,"menu_order":12,"comment_status":"closed","ping_status":"closed","template":"page-templates\/template-portfolio.php","meta":[],"_links":{"self":[{"href":"https:\/\/willkommen.gymnasium-frechen.de\/index.php?rest_route=\/wp\/v2\/pages\/1081"}],"collection":[{"href":"https:\/\/willkommen.gymnasium-frechen.de\/index.php?rest_route=\/wp\/v2\/pages"}],"about":[{"href":"https:\/\/willkommen.gymnasium-frechen.de\/index.php?rest_route=\/wp\/v2\/types\/page"}],"author":[{"embeddable":true,"href":"https:\/\/willkommen.gymnasium-frechen.de\/index.php?rest_route=\/wp\/v2\/users\/1"}],"replies":[{"embeddable":true,"href":"https:\/\/willkommen.gymnasium-frechen.de\/index.php?rest_route=%2Fwp%2Fv2%2Fcomments&post=1081"}],"version-history":[{"count":12,"href":"https:\/\/willkommen.gymnasium-frechen.de\/index.php?rest_route=\/wp\/v2\/pages\/1081\/revisions"}],"predecessor-version":[{"id":1096,"href":"https:\/\/willkommen.gymnasium-frechen.de\/index.php?rest_route=\/wp\/v2\/pages\/1081\/revisions\/1096"}],"wp:featuredmedia":[{"embeddable":true,"href":"https:\/\/willkommen.gymnasium-frechen.de\/index.php?rest_route=\/wp\/v2\/media\/1086"}],"wp:attachment":[{"href":"https:\/\/willkommen.gymnasium-frechen.de\/index.php?rest_route=%2Fwp%2Fv2%2Fmedia&parent=1081"}],"curies":[{"name":"wp","href":"https:\/\/api.w.org\/{rel}","templated":true}]}}